{"id":1006,"date":"2021-07-29T16:00:30","date_gmt":"2021-07-29T14:00:30","guid":{"rendered":"https:\/\/glitterlab.com\/contact\/"},"modified":"2024-12-05T14:45:40","modified_gmt":"2024-12-05T13:45:40","slug":"kontakt","status":"publish","type":"page","link":"https:\/\/glitterlab.com\/pl\/kontakt\/","title":{"rendered":"Kontakt"},"content":{"rendered":"","protected":false},"excerpt":{"rendered":"","protected":false},"author":1,"featured_media":0,"parent":0,"menu_order":0,"comment_status":"closed","ping_status":"closed","template":"","meta":{"_acf_changed":false,"inline_featured_image":false,"footnotes":""},"class_list":["post-1006","page","type-page","status-publish","hentry"],"acf":[],"yoast_head":"<!-- This site is optimized with the Yoast SEO plugin v27.5 - https:\/\/yoast.com\/product\/yoast-seo-wordpress\/ -->\n<title>Kontakt - Glitter Lab<\/title>\n<meta name=\"description\" content=\"Napisz do nas i porozmawiajmy o tym, jak stworzy\u0107 w\u0142asn\u0105, niezwyk\u0142\u0105 kolekcj\u0119. Oczaruj \u015bwiat swoimi pomys\u0142ami!\" \/>\n<meta name=\"robots\" content=\"index, follow, max-snippet:-1, max-image-preview:large, max-video-preview:-1\" \/>\n<link rel=\"canonical\" href=\"https:\/\/glitterlab.com\/pl\/kontakt\/\" \/>\n<meta property=\"og:locale\" content=\"pl_PL\" \/>\n<meta property=\"og:type\" content=\"article\" \/>\n<meta property=\"og:title\" content=\"Kontakt - Glitter Lab\" \/>\n<meta property=\"og:description\" content=\"Napisz do nas i porozmawiajmy o tym, jak stworzy\u0107 w\u0142asn\u0105, niezwyk\u0142\u0105 kolekcj\u0119. Oczaruj \u015bwiat swoimi pomys\u0142ami!\" \/>\n<meta property=\"og:url\" content=\"https:\/\/glitterlab.com\/pl\/kontakt\/\" \/>\n<meta property=\"og:site_name\" content=\"Glitter Lab\" \/>\n<meta property=\"article:modified_time\" content=\"2024-12-05T13:45:40+00:00\" \/>\n<meta name=\"twitter:card\" content=\"summary_large_image\" \/>\n<meta name=\"twitter:label1\" content=\"Szacowany czas czytania\" \/>\n\t<meta name=\"twitter:data1\" content=\"1 minuta\" \/>\n<script type=\"application\/ld+json\" class=\"yoast-schema-graph\">{\"@context\":\"https:\\\/\\\/schema.org\",\"@graph\":[{\"@type\":\"WebPage\",\"@id\":\"https:\\\/\\\/glitterlab.com\\\/pl\\\/kontakt\\\/\",\"url\":\"https:\\\/\\\/glitterlab.com\\\/pl\\\/kontakt\\\/\",\"name\":\"Kontakt - Glitter Lab\",\"isPartOf\":{\"@id\":\"https:\\\/\\\/glitterlab.com\\\/#website\"},\"datePublished\":\"2021-07-29T14:00:30+00:00\",\"dateModified\":\"2024-12-05T13:45:40+00:00\",\"description\":\"Napisz do nas i porozmawiajmy o tym, jak stworzy\u0107 w\u0142asn\u0105, niezwyk\u0142\u0105 kolekcj\u0119. Oczaruj \u015bwiat swoimi pomys\u0142ami!\",\"breadcrumb\":{\"@id\":\"https:\\\/\\\/glitterlab.com\\\/pl\\\/kontakt\\\/#breadcrumb\"},\"inLanguage\":\"pl-PL\",\"potentialAction\":[{\"@type\":\"ReadAction\",\"target\":[\"https:\\\/\\\/glitterlab.com\\\/pl\\\/kontakt\\\/\"]}]},{\"@type\":\"BreadcrumbList\",\"@id\":\"https:\\\/\\\/glitterlab.com\\\/pl\\\/kontakt\\\/#breadcrumb\",\"itemListElement\":[{\"@type\":\"ListItem\",\"position\":1,\"name\":\"Home\",\"item\":\"https:\\\/\\\/glitterlab.com\\\/pl\\\/\"},{\"@type\":\"ListItem\",\"position\":2,\"name\":\"Kontakt\"}]},{\"@type\":\"WebSite\",\"@id\":\"https:\\\/\\\/glitterlab.com\\\/#website\",\"url\":\"https:\\\/\\\/glitterlab.com\\\/\",\"name\":\"Glitter Lab\",\"description\":\"A piece of art in glass\",\"publisher\":{\"@id\":\"https:\\\/\\\/glitterlab.com\\\/#organization\"},\"potentialAction\":[{\"@type\":\"SearchAction\",\"target\":{\"@type\":\"EntryPoint\",\"urlTemplate\":\"https:\\\/\\\/glitterlab.com\\\/?s={search_term_string}\"},\"query-input\":{\"@type\":\"PropertyValueSpecification\",\"valueRequired\":true,\"valueName\":\"search_term_string\"}}],\"inLanguage\":\"pl-PL\"},{\"@type\":\"Organization\",\"@id\":\"https:\\\/\\\/glitterlab.com\\\/#organization\",\"name\":\"Glitter Lab\",\"url\":\"https:\\\/\\\/glitterlab.com\\\/\",\"logo\":{\"@type\":\"ImageObject\",\"inLanguage\":\"pl-PL\",\"@id\":\"https:\\\/\\\/glitterlab.com\\\/#\\\/schema\\\/logo\\\/image\\\/\",\"url\":\"https:\\\/\\\/glitterlab.com\\\/wp-content\\\/uploads\\\/2022\\\/02\\\/open_graph_fb.png\",\"contentUrl\":\"https:\\\/\\\/glitterlab.com\\\/wp-content\\\/uploads\\\/2022\\\/02\\\/open_graph_fb.png\",\"width\":1200,\"height\":630,\"caption\":\"Glitter Lab\"},\"image\":{\"@id\":\"https:\\\/\\\/glitterlab.com\\\/#\\\/schema\\\/logo\\\/image\\\/\"}}]}<\/script>\n<!-- \/ Yoast SEO plugin. -->","yoast_head_json":{"title":"Kontakt - Glitter Lab","description":"Napisz do nas i porozmawiajmy o tym, jak stworzy\u0107 w\u0142asn\u0105, niezwyk\u0142\u0105 kolekcj\u0119. Oczaruj \u015bwiat swoimi pomys\u0142ami!","robots":{"index":"index","follow":"follow","max-snippet":"max-snippet:-1","max-image-preview":"max-image-preview:large","max-video-preview":"max-video-preview:-1"},"canonical":"https:\/\/glitterlab.com\/pl\/kontakt\/","og_locale":"pl_PL","og_type":"article","og_title":"Kontakt - Glitter Lab","og_description":"Napisz do nas i porozmawiajmy o tym, jak stworzy\u0107 w\u0142asn\u0105, niezwyk\u0142\u0105 kolekcj\u0119. Oczaruj \u015bwiat swoimi pomys\u0142ami!","og_url":"https:\/\/glitterlab.com\/pl\/kontakt\/","og_site_name":"Glitter Lab","article_modified_time":"2024-12-05T13:45:40+00:00","twitter_card":"summary_large_image","twitter_misc":{"Szacowany czas czytania":"1 minuta"},"schema":{"@context":"https:\/\/schema.org","@graph":[{"@type":"WebPage","@id":"https:\/\/glitterlab.com\/pl\/kontakt\/","url":"https:\/\/glitterlab.com\/pl\/kontakt\/","name":"Kontakt - Glitter Lab","isPartOf":{"@id":"https:\/\/glitterlab.com\/#website"},"datePublished":"2021-07-29T14:00:30+00:00","dateModified":"2024-12-05T13:45:40+00:00","description":"Napisz do nas i porozmawiajmy o tym, jak stworzy\u0107 w\u0142asn\u0105, niezwyk\u0142\u0105 kolekcj\u0119. Oczaruj \u015bwiat swoimi pomys\u0142ami!","breadcrumb":{"@id":"https:\/\/glitterlab.com\/pl\/kontakt\/#breadcrumb"},"inLanguage":"pl-PL","potentialAction":[{"@type":"ReadAction","target":["https:\/\/glitterlab.com\/pl\/kontakt\/"]}]},{"@type":"BreadcrumbList","@id":"https:\/\/glitterlab.com\/pl\/kontakt\/#breadcrumb","itemListElement":[{"@type":"ListItem","position":1,"name":"Home","item":"https:\/\/glitterlab.com\/pl\/"},{"@type":"ListItem","position":2,"name":"Kontakt"}]},{"@type":"WebSite","@id":"https:\/\/glitterlab.com\/#website","url":"https:\/\/glitterlab.com\/","name":"Glitter Lab","description":"A piece of art in glass","publisher":{"@id":"https:\/\/glitterlab.com\/#organization"},"potentialAction":[{"@type":"SearchAction","target":{"@type":"EntryPoint","urlTemplate":"https:\/\/glitterlab.com\/?s={search_term_string}"},"query-input":{"@type":"PropertyValueSpecification","valueRequired":true,"valueName":"search_term_string"}}],"inLanguage":"pl-PL"},{"@type":"Organization","@id":"https:\/\/glitterlab.com\/#organization","name":"Glitter Lab","url":"https:\/\/glitterlab.com\/","logo":{"@type":"ImageObject","inLanguage":"pl-PL","@id":"https:\/\/glitterlab.com\/#\/schema\/logo\/image\/","url":"https:\/\/glitterlab.com\/wp-content\/uploads\/2022\/02\/open_graph_fb.png","contentUrl":"https:\/\/glitterlab.com\/wp-content\/uploads\/2022\/02\/open_graph_fb.png","width":1200,"height":630,"caption":"Glitter Lab"},"image":{"@id":"https:\/\/glitterlab.com\/#\/schema\/logo\/image\/"}}]}},"_links":{"self":[{"href":"https:\/\/glitterlab.com\/pl\/wp-json\/wp\/v2\/pages\/1006","targetHints":{"allow":["GET"]}}],"collection":[{"href":"https:\/\/glitterlab.com\/pl\/wp-json\/wp\/v2\/pages"}],"about":[{"href":"https:\/\/glitterlab.com\/pl\/wp-json\/wp\/v2\/types\/page"}],"author":[{"embeddable":true,"href":"https:\/\/glitterlab.com\/pl\/wp-json\/wp\/v2\/users\/1"}],"replies":[{"embeddable":true,"href":"https:\/\/glitterlab.com\/pl\/wp-json\/wp\/v2\/comments?post=1006"}],"version-history":[{"count":20,"href":"https:\/\/glitterlab.com\/pl\/wp-json\/wp\/v2\/pages\/1006\/revisions"}],"predecessor-version":[{"id":3762,"href":"https:\/\/glitterlab.com\/pl\/wp-json\/wp\/v2\/pages\/1006\/revisions\/3762"}],"wp:attachment":[{"href":"https:\/\/glitterlab.com\/pl\/wp-json\/wp\/v2\/media?parent=1006"}],"curies":[{"name":"wp","href":"https:\/\/api.w.org\/{rel}","templated":true}]}}