{"id":984,"date":"2021-07-29T15:59:38","date_gmt":"2021-07-29T13:59:38","guid":{"rendered":"https:\/\/glitterlab.com\/our-offer\/"},"modified":"2024-09-20T09:04:10","modified_gmt":"2024-09-20T07:04:10","slug":"oferta","status":"publish","type":"page","link":"https:\/\/glitterlab.com\/pl\/oferta\/","title":{"rendered":"Oferta"},"content":{"rendered":"","protected":false},"excerpt":{"rendered":"","protected":false},"author":1,"featured_media":0,"parent":0,"menu_order":0,"comment_status":"closed","ping_status":"closed","template":"views\/page-offer.blade.php","meta":{"_acf_changed":false,"inline_featured_image":false,"footnotes":""},"class_list":["post-984","page","type-page","status-publish","hentry"],"acf":[],"yoast_head":"<!-- This site is optimized with the Yoast SEO plugin v27.4 - https:\/\/yoast.com\/product\/yoast-seo-wordpress\/ -->\n<title>Oferta - Glitter Lab<\/title>\n<meta name=\"description\" content=\"Poznaj nasze r\u0119cznie wykonane bombki, z kt\u00f3rych ka\u017cda jest unikalnie zaprojektowana, by wnosi\u0107 elegancj\u0119 i urok do Twojej przestrzeni.\" \/>\n<meta name=\"robots\" content=\"index, follow, max-snippet:-1, max-image-preview:large, max-video-preview:-1\" \/>\n<link rel=\"canonical\" href=\"https:\/\/glitterlab.com\/pl\/oferta\/\" \/>\n<meta property=\"og:locale\" content=\"pl_PL\" \/>\n<meta property=\"og:type\" content=\"article\" \/>\n<meta property=\"og:title\" content=\"Oferta - Glitter Lab\" \/>\n<meta property=\"og:description\" content=\"Poznaj nasze r\u0119cznie wykonane bombki, z kt\u00f3rych ka\u017cda jest unikalnie zaprojektowana, by wnosi\u0107 elegancj\u0119 i urok do Twojej przestrzeni.\" \/>\n<meta property=\"og:url\" content=\"https:\/\/glitterlab.com\/pl\/oferta\/\" \/>\n<meta property=\"og:site_name\" content=\"Glitter Lab\" \/>\n<meta property=\"article:modified_time\" content=\"2024-09-20T07:04:10+00:00\" \/>\n<meta name=\"twitter:card\" content=\"summary_large_image\" \/>\n<meta name=\"twitter:label1\" content=\"Szacowany czas czytania\" \/>\n\t<meta name=\"twitter:data1\" content=\"1 minuta\" \/>\n<script type=\"application\/ld+json\" class=\"yoast-schema-graph\">{\"@context\":\"https:\\\/\\\/schema.org\",\"@graph\":[{\"@type\":\"WebPage\",\"@id\":\"https:\\\/\\\/glitterlab.com\\\/pl\\\/oferta\\\/\",\"url\":\"https:\\\/\\\/glitterlab.com\\\/pl\\\/oferta\\\/\",\"name\":\"Oferta - Glitter Lab\",\"isPartOf\":{\"@id\":\"https:\\\/\\\/glitterlab.com\\\/#website\"},\"datePublished\":\"2021-07-29T13:59:38+00:00\",\"dateModified\":\"2024-09-20T07:04:10+00:00\",\"description\":\"Poznaj nasze r\u0119cznie wykonane bombki, z kt\u00f3rych ka\u017cda jest unikalnie zaprojektowana, by wnosi\u0107 elegancj\u0119 i urok do Twojej przestrzeni.\",\"breadcrumb\":{\"@id\":\"https:\\\/\\\/glitterlab.com\\\/pl\\\/oferta\\\/#breadcrumb\"},\"inLanguage\":\"pl-PL\",\"potentialAction\":[{\"@type\":\"ReadAction\",\"target\":[\"https:\\\/\\\/glitterlab.com\\\/pl\\\/oferta\\\/\"]}]},{\"@type\":\"BreadcrumbList\",\"@id\":\"https:\\\/\\\/glitterlab.com\\\/pl\\\/oferta\\\/#breadcrumb\",\"itemListElement\":[{\"@type\":\"ListItem\",\"position\":1,\"name\":\"Home\",\"item\":\"https:\\\/\\\/glitterlab.com\\\/pl\\\/\"},{\"@type\":\"ListItem\",\"position\":2,\"name\":\"Oferta\"}]},{\"@type\":\"WebSite\",\"@id\":\"https:\\\/\\\/glitterlab.com\\\/#website\",\"url\":\"https:\\\/\\\/glitterlab.com\\\/\",\"name\":\"Glitter Lab\",\"description\":\"A piece of art in glass\",\"publisher\":{\"@id\":\"https:\\\/\\\/glitterlab.com\\\/#organization\"},\"potentialAction\":[{\"@type\":\"SearchAction\",\"target\":{\"@type\":\"EntryPoint\",\"urlTemplate\":\"https:\\\/\\\/glitterlab.com\\\/?s={search_term_string}\"},\"query-input\":{\"@type\":\"PropertyValueSpecification\",\"valueRequired\":true,\"valueName\":\"search_term_string\"}}],\"inLanguage\":\"pl-PL\"},{\"@type\":\"Organization\",\"@id\":\"https:\\\/\\\/glitterlab.com\\\/#organization\",\"name\":\"Glitter Lab\",\"url\":\"https:\\\/\\\/glitterlab.com\\\/\",\"logo\":{\"@type\":\"ImageObject\",\"inLanguage\":\"pl-PL\",\"@id\":\"https:\\\/\\\/glitterlab.com\\\/#\\\/schema\\\/logo\\\/image\\\/\",\"url\":\"https:\\\/\\\/glitterlab.com\\\/wp-content\\\/uploads\\\/2022\\\/02\\\/open_graph_fb.png\",\"contentUrl\":\"https:\\\/\\\/glitterlab.com\\\/wp-content\\\/uploads\\\/2022\\\/02\\\/open_graph_fb.png\",\"width\":1200,\"height\":630,\"caption\":\"Glitter Lab\"},\"image\":{\"@id\":\"https:\\\/\\\/glitterlab.com\\\/#\\\/schema\\\/logo\\\/image\\\/\"}}]}<\/script>\n<!-- \/ Yoast SEO plugin. -->","yoast_head_json":{"title":"Oferta - Glitter Lab","description":"Poznaj nasze r\u0119cznie wykonane bombki, z kt\u00f3rych ka\u017cda jest unikalnie zaprojektowana, by wnosi\u0107 elegancj\u0119 i urok do Twojej przestrzeni.","robots":{"index":"index","follow":"follow","max-snippet":"max-snippet:-1","max-image-preview":"max-image-preview:large","max-video-preview":"max-video-preview:-1"},"canonical":"https:\/\/glitterlab.com\/pl\/oferta\/","og_locale":"pl_PL","og_type":"article","og_title":"Oferta - Glitter Lab","og_description":"Poznaj nasze r\u0119cznie wykonane bombki, z kt\u00f3rych ka\u017cda jest unikalnie zaprojektowana, by wnosi\u0107 elegancj\u0119 i urok do Twojej przestrzeni.","og_url":"https:\/\/glitterlab.com\/pl\/oferta\/","og_site_name":"Glitter Lab","article_modified_time":"2024-09-20T07:04:10+00:00","twitter_card":"summary_large_image","twitter_misc":{"Szacowany czas czytania":"1 minuta"},"schema":{"@context":"https:\/\/schema.org","@graph":[{"@type":"WebPage","@id":"https:\/\/glitterlab.com\/pl\/oferta\/","url":"https:\/\/glitterlab.com\/pl\/oferta\/","name":"Oferta - Glitter Lab","isPartOf":{"@id":"https:\/\/glitterlab.com\/#website"},"datePublished":"2021-07-29T13:59:38+00:00","dateModified":"2024-09-20T07:04:10+00:00","description":"Poznaj nasze r\u0119cznie wykonane bombki, z kt\u00f3rych ka\u017cda jest unikalnie zaprojektowana, by wnosi\u0107 elegancj\u0119 i urok do Twojej przestrzeni.","breadcrumb":{"@id":"https:\/\/glitterlab.com\/pl\/oferta\/#breadcrumb"},"inLanguage":"pl-PL","potentialAction":[{"@type":"ReadAction","target":["https:\/\/glitterlab.com\/pl\/oferta\/"]}]},{"@type":"BreadcrumbList","@id":"https:\/\/glitterlab.com\/pl\/oferta\/#breadcrumb","itemListElement":[{"@type":"ListItem","position":1,"name":"Home","item":"https:\/\/glitterlab.com\/pl\/"},{"@type":"ListItem","position":2,"name":"Oferta"}]},{"@type":"WebSite","@id":"https:\/\/glitterlab.com\/#website","url":"https:\/\/glitterlab.com\/","name":"Glitter Lab","description":"A piece of art in glass","publisher":{"@id":"https:\/\/glitterlab.com\/#organization"},"potentialAction":[{"@type":"SearchAction","target":{"@type":"EntryPoint","urlTemplate":"https:\/\/glitterlab.com\/?s={search_term_string}"},"query-input":{"@type":"PropertyValueSpecification","valueRequired":true,"valueName":"search_term_string"}}],"inLanguage":"pl-PL"},{"@type":"Organization","@id":"https:\/\/glitterlab.com\/#organization","name":"Glitter Lab","url":"https:\/\/glitterlab.com\/","logo":{"@type":"ImageObject","inLanguage":"pl-PL","@id":"https:\/\/glitterlab.com\/#\/schema\/logo\/image\/","url":"https:\/\/glitterlab.com\/wp-content\/uploads\/2022\/02\/open_graph_fb.png","contentUrl":"https:\/\/glitterlab.com\/wp-content\/uploads\/2022\/02\/open_graph_fb.png","width":1200,"height":630,"caption":"Glitter Lab"},"image":{"@id":"https:\/\/glitterlab.com\/#\/schema\/logo\/image\/"}}]}},"_links":{"self":[{"href":"https:\/\/glitterlab.com\/pl\/wp-json\/wp\/v2\/pages\/984","targetHints":{"allow":["GET"]}}],"collection":[{"href":"https:\/\/glitterlab.com\/pl\/wp-json\/wp\/v2\/pages"}],"about":[{"href":"https:\/\/glitterlab.com\/pl\/wp-json\/wp\/v2\/types\/page"}],"author":[{"embeddable":true,"href":"https:\/\/glitterlab.com\/pl\/wp-json\/wp\/v2\/users\/1"}],"replies":[{"embeddable":true,"href":"https:\/\/glitterlab.com\/pl\/wp-json\/wp\/v2\/comments?post=984"}],"version-history":[{"count":5,"href":"https:\/\/glitterlab.com\/pl\/wp-json\/wp\/v2\/pages\/984\/revisions"}],"predecessor-version":[{"id":2202,"href":"https:\/\/glitterlab.com\/pl\/wp-json\/wp\/v2\/pages\/984\/revisions\/2202"}],"wp:attachment":[{"href":"https:\/\/glitterlab.com\/pl\/wp-json\/wp\/v2\/media?parent=984"}],"curies":[{"name":"wp","href":"https:\/\/api.w.org\/{rel}","templated":true}]}}